{"id":21,"date":"2013-09-12T00:22:44","date_gmt":"2013-09-12T03:22:44","guid":{"rendered":"https:\/\/comissaodaverdade.ufpr.br\/?page_id=21"},"modified":"2013-09-15T23:11:47","modified_gmt":"2013-09-16T02:11:47","slug":"biblioteca","status":"publish","type":"page","link":"https:\/\/comissaodaverdade.ufpr.br\/?page_id=21","title":{"rendered":"Biblioteca"},"content":{"rendered":"<p style=\"text-align: center;\"><a href=\"http:\/\/dspace.c3sl.ufpr.br:8080\/dspace\/handle\/1884\/30139\" target=\"_blank\"><img loading=\"lazy\" decoding=\"async\" class=\"aligncenter size-thumbnail wp-image-108\" alt=\"guia\" src=\"https:\/\/comissaodaverdade.ufpr.br\/wp-content\/uploads\/2013\/09\/guia-150x76.jpg\" width=\"150\" height=\"76\" \/><\/a><\/p>\n<p style=\"text-align: center;\"><a title=\"Reposit\u00f3rio SIBI - Comiss\u00e3o da Verdade da UFPR\" onclick=\"window.open('http:\/\/dspace.c3sl.ufpr.br:8080\/dspace\/handle\/1884\/30139','Reposit\u00f3rio da CV-UFPR - SIBI','location=yes,scrollbars=yes,menubar=yes,resizable=yes,toolbar=yes,status=yes');return false;\" href=\"http:\/\/dspace.c3sl.ufpr.br:8080\/dspace\/handle\/1884\/30139\" target=\"_blank\">Acervo de documentos da Comiss\u00e3o da Verdade da UFPR no reposit\u00f3rio do Sistema de Bibliotecas da UFPR &#8211; SIBI<\/a><\/p>\n<p>&nbsp;<\/p>\n<hr style=\"width: 600px;\" width=\"600\" \/>\n<p>&nbsp;<\/p>\n<h1 style=\"text-align: center;\"><span style=\"color: #000080; font-family: 'arial black', 'avant garde';\">Testemunhos<\/span><\/h1>\n<p>&nbsp;<\/p>\n<p>Testemunhos de sobreviventes da repress\u00e3o ocorrida no Estado desde 1946 at\u00e9 o final do regime militar coletados durante a realiza\u00e7\u00e3o da Audi\u00eancia P\u00fablica da CNV, no Teatro da Reitoria da UFPR, em Curitiba, com as presen\u00e7as do professor Paulo S\u00e9rgio Pinheiro, e do advogado Jos\u00e9 Carlos Dias, membros da CNV.<\/p>\n<p>Saiba mais, <a href=\"http:\/\/www.cnv.gov.br\/index.php\/outros-destaques\/125-comissa\u00ado-nacional-da-verdade-assina-quatro-termos-de-cooperacao-no-\u00adparana\" target=\"_blank\">clique aqui<\/a>.<\/p>\n<p>&nbsp;<\/p>\n<p><iframe loading=\"lazy\" src=\"\/\/www.youtube.com\/embed\/videoseries?list=PL9n0M0Ixl2jcd83S-YX-MpOy2JJIa_Z9P\" height=\"315\" width=\"560\" allowfullscreen=\"\" frameborder=\"0\"><\/iframe><\/p>\n","protected":false},"excerpt":{"rendered":"<p>Acervo de documentos da Comiss\u00e3o da Verdade da UFPR no reposit\u00f3rio do Sistema de Bibliotecas da UFPR &#8211; SIBI &nbsp; &nbsp; Testemunhos &nbsp; Testemunhos de sobreviventes da repress\u00e3o ocorrida no Estado desde 1946 at\u00e9 o final do regime militar coletados durante a realiza\u00e7\u00e3o da Audi\u00eancia P\u00fablica da CNV, no Teatro da Reitoria da UFPR, em &hellip; <\/p>\n<p><a class=\"more-link btn\" href=\"https:\/\/comissaodaverdade.ufpr.br\/?page_id=21\">Continue lendo<\/a><\/p>\n","protected":false},"author":2,"featured_media":0,"parent":0,"menu_order":0,"comment_status":"open","ping_status":"open","template":"","meta":{"footnotes":""},"class_list":["post-21","page","type-page","status-publish","hentry","nodate","item-wrap"],"_links":{"self":[{"href":"https:\/\/comissaodaverdade.ufpr.br\/index.php?rest_route=\/wp\/v2\/pages\/21"}],"collection":[{"href":"https:\/\/comissaodaverdade.ufpr.br\/index.php?rest_route=\/wp\/v2\/pages"}],"about":[{"href":"https:\/\/comissaodaverdade.ufpr.br\/index.php?rest_route=\/wp\/v2\/types\/page"}],"author":[{"embeddable":true,"href":"https:\/\/comissaodaverdade.ufpr.br\/index.php?rest_route=\/wp\/v2\/users\/2"}],"replies":[{"embeddable":true,"href":"https:\/\/comissaodaverdade.ufpr.br\/index.php?rest_route=%2Fwp%2Fv2%2Fcomments&post=21"}],"version-history":[{"count":19,"href":"https:\/\/comissaodaverdade.ufpr.br\/index.php?rest_route=\/wp\/v2\/pages\/21\/revisions"}],"predecessor-version":[{"id":150,"href":"https:\/\/comissaodaverdade.ufpr.br\/index.php?rest_route=\/wp\/v2\/pages\/21\/revisions\/150"}],"wp:attachment":[{"href":"https:\/\/comissaodaverdade.ufpr.br\/index.php?rest_route=%2Fwp%2Fv2%2Fmedia&parent=21"}],"curies":[{"name":"wp","href":"https:\/\/api.w.org\/{rel}","templated":true}]}}