{"id":216,"date":"2013-09-23T17:58:44","date_gmt":"2013-09-23T20:58:44","guid":{"rendered":"https:\/\/comissaodaverdade.ufpr.br\/?page_id=216"},"modified":"2013-09-23T18:20:39","modified_gmt":"2013-09-23T21:20:39","slug":"justica-de-transicao","status":"publish","type":"page","link":"https:\/\/comissaodaverdade.ufpr.br\/?page_id=216","title":{"rendered":"Justi\u00e7a de Transi\u00e7\u00e3o"},"content":{"rendered":"<h1><span style=\"color: #993300;\"><b>JUSTI\u00c7A DE TRANSI\u00c7\u00c3O<\/b><\/span><\/h1>\n<p><span style=\"color: #993300;\">Vera Karam de Chueiri<\/span><\/p>\n<p>O Conselho de Seguran\u00e7a da ONU aprovou um relat\u00f3rio em setembro de 2003 no qual se tra\u00e7ou as linhas da chamada Justi\u00e7a de Transi\u00e7\u00e3o ou Justi\u00e7a Transicional. Tal iniciativa respondia \u00e0s demandas dos Estados, interna e externamente, relativas \u00e0 consolida\u00e7\u00e3o da paz e da democracia ap\u00f3s per\u00edodos mais ou menos longos de conflitos. Neste sentido, os Estados vitimados por tais conflitos, invariavelmente marcados por viola\u00e7\u00f5es de direitos humanos, reclamavam sua reestrutura\u00e7\u00e3o e reconstru\u00e7\u00e3o atrav\u00e9s da cria\u00e7\u00e3o de institui\u00e7\u00f5es leg\u00edtimas e, tamb\u00e9m, de uma administra\u00e7\u00e3o leg\u00edtima da justi\u00e7a.<\/p>\n<p>Desta forma, o documento das Na\u00e7\u00f5es Unidas define Justi\u00e7a de Transi\u00e7\u00e3o como o conjunto de processos e mecanismos associados \u00e0 tentativa de uma sociedade lidar com o legado de abusos em larga escala ocorridos no passado, buscando assegurar accountability, justi\u00e7a e reconcilia\u00e7\u00e3o. A Justi\u00e7a de Transi\u00e7\u00e3o consiste em processos e mecanismos judiciais e n\u00e3o judiciais, incluindo julgamentos individuais, acesso \u00e0 verdade, repara\u00e7\u00f5es, reformas institucionais e expurgos no servi\u00e7o p\u00fablico. Seja qual for a combina\u00e7\u00e3o escolhida esta deve estar em conformidade com os padr\u00f5es jur\u00eddicos internacionais e as obriga\u00e7\u00f5es. (tradu\u00e7\u00e3o livre)<a title=\"\" href=\"#_ftn1\">[1]<\/a> Vale dizer, o documento da ONU se baseia, normativamente, na Carta das Na\u00e7\u00f5es Unidas, no Direito Internacional dos Direitos Humanos, no Direito Penal Internacional e no Direito Internacional dos Refugiados, ou seja, nos padr\u00f5es normativos internacionais.<\/p>\n<p>&nbsp;<\/p>\n<p>Dentre os processos e mecanismos judiciais tem-se os julgamentos criminais, os quais s\u00e3o importantes, na medida em que submetem os violadores a um processo de responsabiliza\u00e7\u00e3o pelos crimes cometidos e tal processo n\u00e3o s\u00f3 respeita os padr\u00f5es jur\u00eddicos internacionais, mas demonstra que as institui\u00e7\u00f5es dos Estados democr\u00e1ticos de direito tamb\u00e9m se aplicam aos\u00a0 violadores de direitos humanos. Ainda, h\u00e1 um sentido de justi\u00e7a reivindicado pelas v\u00edtimas das viol\u00eancias que se deflui da persecu\u00e7\u00e3o penal. Neste caso, as v\u00edtimas identificam no processo de responsabiliza\u00e7\u00e3o criminal dos seus algozes a possibilidade de recupera\u00e7\u00e3o da sua dignidade. Para tanto, o sistema de justi\u00e7a dos Estados deve ser leg\u00edtimo, eficiente e justo, pois, do contr\u00e1rio, tem-se que recorrer aos tribunais internacionais que podem assumir esta responsabilidade complementar.<\/p>\n<div><br clear=\"all\" \/><\/p>\n<hr align=\"left\" size=\"1\" width=\"33%\" \/>\n<div>\n<p><a title=\"\" href=\"#_ftnref1\">[1]<\/a> <em>For the UN system, transitional justice is the full range of processes and mechanisms associated with a society\u2019s attempt to come to terms with a legacy of large-scale past abuses, in order to ensure accountability, serve justice and achieve reconciliation. It consists of both judicial and non-judicial processes and mechanisms, including prosecution initiatives, facilitating initiatives in respect of the right to truth, delivering reparations, institutional reform and national consultations. Whatever combination is chosen must be in conformity with international legal standards and obligations.\u00a0\u2028<a href=\"http:\/\/www.unrol.org\/files\/TJ_Guidance_Note_March_2010FINAL.pdf\" target=\"_blank\">http:\/\/www.unrol.org\/files\/TJ_Guidance_Note_March_2010FINAL.pdf<\/a><\/em><\/p>\n<p>&nbsp;<\/p>\n<\/div>\n<\/div>\n","protected":false},"excerpt":{"rendered":"<p>JUSTI\u00c7A DE TRANSI\u00c7\u00c3O Vera Karam de Chueiri O Conselho de Seguran\u00e7a da ONU aprovou um relat\u00f3rio em setembro de 2003 no qual se tra\u00e7ou as linhas da chamada Justi\u00e7a de Transi\u00e7\u00e3o ou Justi\u00e7a Transicional. Tal iniciativa respondia \u00e0s demandas dos Estados, interna e externamente, relativas \u00e0 consolida\u00e7\u00e3o da paz e da democracia ap\u00f3s per\u00edodos mais &hellip; <\/p>\n<p><a class=\"more-link btn\" href=\"https:\/\/comissaodaverdade.ufpr.br\/?page_id=216\">Continue lendo<\/a><\/p>\n","protected":false},"author":2,"featured_media":0,"parent":0,"menu_order":0,"comment_status":"open","ping_status":"open","template":"","meta":{"footnotes":""},"class_list":["post-216","page","type-page","status-publish","hentry","nodate","item-wrap"],"_links":{"self":[{"href":"https:\/\/comissaodaverdade.ufpr.br\/index.php?rest_route=\/wp\/v2\/pages\/216"}],"collection":[{"href":"https:\/\/comissaodaverdade.ufpr.br\/index.php?rest_route=\/wp\/v2\/pages"}],"about":[{"href":"https:\/\/comissaodaverdade.ufpr.br\/index.php?rest_route=\/wp\/v2\/types\/page"}],"author":[{"embeddable":true,"href":"https:\/\/comissaodaverdade.ufpr.br\/index.php?rest_route=\/wp\/v2\/users\/2"}],"replies":[{"embeddable":true,"href":"https:\/\/comissaodaverdade.ufpr.br\/index.php?rest_route=%2Fwp%2Fv2%2Fcomments&post=216"}],"version-history":[{"count":4,"href":"https:\/\/comissaodaverdade.ufpr.br\/index.php?rest_route=\/wp\/v2\/pages\/216\/revisions"}],"predecessor-version":[{"id":224,"href":"https:\/\/comissaodaverdade.ufpr.br\/index.php?rest_route=\/wp\/v2\/pages\/216\/revisions\/224"}],"wp:attachment":[{"href":"https:\/\/comissaodaverdade.ufpr.br\/index.php?rest_route=%2Fwp%2Fv2%2Fmedia&parent=216"}],"curies":[{"name":"wp","href":"https:\/\/api.w.org\/{rel}","templated":true}]}}